{"id":121,"date":"2024-03-16T18:04:37","date_gmt":"2024-03-16T18:04:37","guid":{"rendered":"https:\/\/andrealagosneumann.cl\/?page_id=121"},"modified":"2025-12-16T11:39:28","modified_gmt":"2025-12-16T11:39:28","slug":"current-projects","status":"publish","type":"page","link":"https:\/\/andrealagosneumann.cl\/?page_id=121","title":{"rendered":"Current Projects"},"content":{"rendered":"<p>[et_pb_section fb_built=\u00bb1&#8243; _builder_version=\u00bb4.23.4&#8243; _module_preset=\u00bbdefault\u00bb use_background_color_gradient=\u00bbon\u00bb background_color_gradient_direction=\u00bb90deg\u00bb background_color_gradient_stops=\u00bbrgba(109,109,109,0.38) 0%|rgba(255,255,255,0.42) 100%\u00bb custom_padding=\u00bb13px||5px|||\u00bb global_colors_info=\u00bb{}\u00bb][et_pb_row _builder_version=\u00bb4.23.4&#8243; _module_preset=\u00bbdefault\u00bb global_colors_info=\u00bb{}\u00bb][et_pb_column type=\u00bb4_4&#8243; _builder_version=\u00bb4.23.4&#8243; _module_preset=\u00bbdefault\u00bb global_colors_info=\u00bb{}\u00bb][et_pb_text _builder_version=\u00bb4.23.4&#8243; _module_preset=\u00bbdefault\u00bb text_font=\u00bbAleo||||||||\u00bb text_text_color=\u00bb#772f10&#8243; text_font_size=\u00bb23px\u00bb text_line_height=\u00bb1.8em\u00bb text_orientation=\u00bbjustified\u00bb custom_margin=\u00bb21px||||false|false\u00bb global_colors_info=\u00bb{}\u00bb]<\/p>\n<p><strong>Choreographer in VOM SCHREI ZUR BEWEGUNG<\/strong><\/p>\n<p>[\/et_pb_text][\/et_pb_column][\/et_pb_row][\/et_pb_section][et_pb_section fb_built=\u00bb1&#8243; _builder_version=\u00bb4.23.4&#8243; _module_preset=\u00bbdefault\u00bb background_color=\u00bb#d8d8d8&#8243; background_enable_image=\u00bboff\u00bb custom_padding=\u00bb||3px|||\u00bb global_colors_info=\u00bb{}\u00bb][et_pb_row _builder_version=\u00bb4.23.4&#8243; _module_preset=\u00bbdefault\u00bb global_colors_info=\u00bb{}\u00bb][et_pb_column type=\u00bb4_4&#8243; _builder_version=\u00bb4.23.4&#8243; _module_preset=\u00bbdefault\u00bb global_colors_info=\u00bb{}\u00bb][et_pb_image src=\u00bbhttps:\/\/andrealagosneumann.cl\/wp-content\/uploads\/2025\/12\/webCURRENTPROJECTSVom-Schrei-zur-Bewegung\u00a9FotoJenniferRohrbacher-scaled.jpg\u00bb title_text=\u00bbwebCURRENTPROJECTSVom Schrei zur Bewegung\u00a9FotoJenniferRohrbacher\u00bb _builder_version=\u00bb4.23.4&#8243; _module_preset=\u00bbdefault\u00bb global_colors_info=\u00bb{}\u00bb][\/et_pb_image][\/et_pb_column][\/et_pb_row][et_pb_row _builder_version=\u00bb4.23.4&#8243; _module_preset=\u00bbdefault\u00bb custom_padding=\u00bb11px||1px|||\u00bb global_colors_info=\u00bb{}\u00bb][et_pb_column type=\u00bb4_4&#8243; _builder_version=\u00bb4.23.4&#8243; _module_preset=\u00bbdefault\u00bb global_colors_info=\u00bb{}\u00bb][et_pb_text _builder_version=\u00bb4.23.4&#8243; _module_preset=\u00bbdefault\u00bb text_font=\u00bbAleo||||||||\u00bb text_text_color=\u00bb#772310&#8243; text_font_size=\u00bb19px\u00bb text_orientation=\u00bbright\u00bb global_colors_info=\u00bb{}\u00bb]<\/p>\n<p style=\"text-align: right;\"><strong>\u00a9Foto: Jennifer Rohrbacher<\/strong><\/p>\n<p>[\/et_pb_text][\/et_pb_column][\/et_pb_row][et_pb_row _builder_version=\u00bb4.23.4&#8243; _module_preset=\u00bbdefault\u00bb global_colors_info=\u00bb{}\u00bb][et_pb_column type=\u00bb4_4&#8243; _builder_version=\u00bb4.23.4&#8243; _module_preset=\u00bbdefault\u00bb global_colors_info=\u00bb{}\u00bb][et_pb_text _builder_version=\u00bb4.23.4&#8243; _module_preset=\u00bbdefault\u00bb text_font=\u00bbAleo||||||||\u00bb text_text_color=\u00bb#000000&#8243; text_font_size=\u00bb23px\u00bb text_line_height=\u00bb1.8em\u00bb global_colors_info=\u00bb{}\u00bb]<\/p>\n<p style=\"text-align: left;\">In co-creation with dancers Felipe Gonz\u00e1lez, Lola Villegas and Rebecca Mary. Costume: Bianka<br \/>Heck. Music: Francisco Goldschmidt. Video: Konrad Bohley. Dramaturgical Support: Sabine Noll.<br \/>Technical Support: Adalberto Cuba Calder\u00f3n and Team E-WERK Freiburg. Production<br \/>Management: Linda Brodhag. Social Media: Arturo Mart\u00ednez.<\/p>\n<p>[\/et_pb_text][et_pb_button button_url=\u00bbhttps:\/\/vimeo.com\/1083959611?share=copy#t=0&#8243; url_new_window=\u00bbon\u00bb button_text=\u00bbTrailer\u00bb button_alignment=\u00bbright\u00bb _builder_version=\u00bb4.23.4&#8243; _module_preset=\u00bbdefault\u00bb custom_button=\u00bbon\u00bb button_text_color=\u00bb#FFFFFF\u00bb button_bg_color=\u00bb#af1515&#8243; button_border_color=\u00bbRGBA(255,255,255,0)\u00bb button_font=\u00bbAleo||||||||\u00bb global_colors_info=\u00bb{}\u00bb][\/et_pb_button][et_pb_text _builder_version=\u00bb4.23.4&#8243; _module_preset=\u00bbdefault\u00bb text_font=\u00bbAleo|700|||||||\u00bb text_text_color=\u00bb#772f10&#8243; text_font_size=\u00bb23px\u00bb text_line_height=\u00bb1.8em\u00bb text_orientation=\u00bbcenter\u00bb global_colors_info=\u00bb{}\u00bb]<\/p>\n<p>VOM SCHREI ZUR BEWEGUNG weaves together stories of Latin American dictatorships<br \/>bringing the voices of women and gender-diverse people into focus. Dance, music, video, and<br \/>embroidery converge to create a living archive of emotion and memory.<\/p>\n<p>[\/et_pb_text][\/et_pb_column][\/et_pb_row][et_pb_row _builder_version=\u00bb4.23.4&#8243; _module_preset=\u00bbdefault\u00bb background_color=\u00bbrgba(147,86,1,0.37)\u00bb global_colors_info=\u00bb{}\u00bb][et_pb_column type=\u00bb4_4&#8243; _builder_version=\u00bb4.23.4&#8243; _module_preset=\u00bbdefault\u00bb global_colors_info=\u00bb{}\u00bb][et_pb_text _builder_version=\u00bb4.23.4&#8243; _module_preset=\u00bbdefault\u00bb text_font=\u00bbAleo|700|||||||\u00bb text_text_color=\u00bb#000000&#8243; text_font_size=\u00bb28px\u00bb text_orientation=\u00bbcenter\u00bb global_colors_info=\u00bb{}\u00bb]<\/p>\n<p>Premiere 20.March.2025 \/ E-WERK. Freiburg.<\/p>\n<p>[\/et_pb_text][\/et_pb_column][\/et_pb_row][et_pb_row _builder_version=\u00bb4.23.4&#8243; _module_preset=\u00bbdefault\u00bb global_colors_info=\u00bb{}\u00bb][et_pb_column type=\u00bb4_4&#8243; _builder_version=\u00bb4.23.4&#8243; _module_preset=\u00bbdefault\u00bb global_colors_info=\u00bb{}\u00bb][et_pb_text _builder_version=\u00bb4.23.4&#8243; _module_preset=\u00bbdefault\u00bb text_font=\u00bbAleo|700|||||||\u00bb text_text_color=\u00bb#000000&#8243; text_font_size=\u00bb23px\u00bb text_line_height=\u00bb1.8em\u00bb custom_margin=\u00bb32px||||false|false\u00bb global_colors_info=\u00bb{}\u00bb]<\/p>\n<p style=\"text-align: left;\">Press Review (Excerpt)<\/p>\n<p>[\/et_pb_text][et_pb_text _builder_version=\u00bb4.23.4&#8243; _module_preset=\u00bbdefault\u00bb text_font=\u00bbAleo||||||||\u00bb text_text_color=\u00bb#000000&#8243; text_font_size=\u00bb23px\u00bb text_line_height=\u00bb1.8em\u00bb global_colors_info=\u00bb{}\u00bb]<\/p>\n<p style=\"text-align: left;\">Restoring dignity to the victims of violence \u2014 Andrea Lagos Neumann reflects on the victims of political violence at the Kammertheater of E-Werk.<br \/>Her piece Vom Schrei zur Bewegung leads the audience into a world far beyond any trigger warning. The performers could easily be overwhelmed by the intensity of this chamber piece, yet the artistic approach ensures that it never feels banal, nor does it give the impression that the work elevates itself through the suffering of others. Forgetting the victims of violence is simply not an option.<\/p>\n<p>[\/et_pb_text][et_pb_text _builder_version=\u00bb4.23.4&#8243; _module_preset=\u00bbdefault\u00bb text_font=\u00bbAleo|700|||||||\u00bb text_text_color=\u00bb#000000&#8243; text_font_size=\u00bb23px\u00bb text_line_height=\u00bb1.8em\u00bb custom_margin=\u00bb32px||||false|false\u00bb global_colors_info=\u00bb{}\u00bb]<\/p>\n<p style=\"text-align: left;\">Annette Hoffmann, \u201cRestoring dignity to the victims of violence\u201d, Kultur Joker, March 2025, p.8<\/p>\n<p>[\/et_pb_text][et_pb_text _builder_version=\u00bb4.23.4&#8243; _module_preset=\u00bbdefault\u00bb text_font=\u00bbAleo||||||||\u00bb text_text_color=\u00bb#000000&#8243; text_font_size=\u00bb23px\u00bb text_line_height=\u00bb1.8em\u00bb global_colors_info=\u00bb{}\u00bb]<\/p>\n<p style=\"text-align: left;\">A project realized <strong>in cooperation with<\/strong> E-WERK Freiburg e.V., Tertulia Freiburg e.V., Nuestra Am\u00e9rica e.V., Feministisches Zentrum Freiburg e.V., Archiv Soziale Bewegungen e.V. and Feministische Geschichtswerkstatt Freiburg e.V.\u00a0 <strong>Funded by<\/strong> Kulturamt Freiburg, Landesverband Freie Tanz- und Theaterschaffende Baden- W\u00fcrttemberg, Ministerium f\u00fcr Wissenschaft, Forschung und Kunst, Stiftung Landesbank Baden-W\u00fcrttemberg and Sparkasse.<\/p>\n<p>[\/et_pb_text][\/et_pb_column][\/et_pb_row][\/et_pb_section][et_pb_section fb_built=\u00bb1&#8243; _builder_version=\u00bb4.23.4&#8243; _module_preset=\u00bbdefault\u00bb custom_padding=\u00bb0px||41px|||\u00bb global_colors_info=\u00bb{}\u00bb][et_pb_row _builder_version=\u00bb4.23.4&#8243; _module_preset=\u00bbdefault\u00bb background_color=\u00bbrgba(147,86,1,0.37)\u00bb custom_margin=\u00bb25px||||false|false\u00bb global_colors_info=\u00bb{}\u00bb][et_pb_column type=\u00bb4_4&#8243; _builder_version=\u00bb4.23.4&#8243; _module_preset=\u00bbdefault\u00bb global_colors_info=\u00bb{}\u00bb][et_pb_text _builder_version=\u00bb4.23.4&#8243; _module_preset=\u00bbdefault\u00bb text_font=\u00bbAleo|700|||||||\u00bb text_text_color=\u00bb#000000&#8243; text_font_size=\u00bb28px\u00bb text_orientation=\u00bbcenter\u00bb global_colors_info=\u00bb{}\u00bb]<\/p>\n<p>Choreographer &amp; Dancer in GOLDEN CUP<\/p>\n<p>[\/et_pb_text][\/et_pb_column][\/et_pb_row][et_pb_row _builder_version=\u00bb4.23.4&#8243; _module_preset=\u00bbdefault\u00bb background_enable_image=\u00bboff\u00bb custom_padding=\u00bb||82px|||\u00bb global_colors_info=\u00bb{}\u00bb][et_pb_column type=\u00bb4_4&#8243; _builder_version=\u00bb4.23.4&#8243; _module_preset=\u00bbdefault\u00bb global_colors_info=\u00bb{}\u00bb][et_pb_image src=\u00bbhttps:\/\/andrealagosneumann.cl\/wp-content\/uploads\/2025\/12\/webCURRENTPROJECTSGolden-Cup\u00a9FotoJenniferRohrbacher-1.jpg\u00bb title_text=\u00bbwebCURRENTPROJECTSGolden Cup\u00a9FotoJenniferRohrbacher\u00bb _builder_version=\u00bb4.23.4&#8243; _module_preset=\u00bbdefault\u00bb global_colors_info=\u00bb{}\u00bb][\/et_pb_image][et_pb_text _builder_version=\u00bb4.23.4&#8243; _module_preset=\u00bbdefault\u00bb text_font=\u00bbAleo||||||||\u00bb text_text_color=\u00bb#772310&#8243; text_font_size=\u00bb19px\u00bb text_orientation=\u00bbright\u00bb global_colors_info=\u00bb{}\u00bb]<\/p>\n<p style=\"text-align: right;\"><strong>\u00a9Foto: Jennifer Rohrbacher<\/strong><\/p>\n<p>[\/et_pb_text][et_pb_text _builder_version=\u00bb4.23.4&#8243; _module_preset=\u00bbdefault\u00bb text_font=\u00bbAleo||||||||\u00bb text_text_color=\u00bb#000000&#8243; text_font_size=\u00bb23px\u00bb text_line_height=\u00bb1.8em\u00bb global_colors_info=\u00bb{}\u00bb]<\/p>\n<p style=\"text-align: left;\">In co-creation with dramaturg Dr. phil., Jutta Krau\u00df, Music Composer Juan Pablo Orrego<br \/>and Lighting Designer Natalie Stark.<\/p>\n<p>[\/et_pb_text][et_pb_button button_url=\u00bbhttps:\/\/vimeo.com\/1143534510?fl=pl&#038;fe=sh\u00bb url_new_window=\u00bbon\u00bb button_text=\u00bbTrailer\u00bb button_alignment=\u00bbright\u00bb _builder_version=\u00bb4.23.4&#8243; _module_preset=\u00bbdefault\u00bb custom_button=\u00bbon\u00bb button_text_color=\u00bb#FFFFFF\u00bb button_bg_color=\u00bb#af1515&#8243; button_border_color=\u00bbRGBA(255,255,255,0)\u00bb button_font=\u00bbAleo||||||||\u00bb global_colors_info=\u00bb{}\u00bb][\/et_pb_button][et_pb_text _builder_version=\u00bb4.23.4&#8243; _module_preset=\u00bbdefault\u00bb text_font=\u00bbAleo|700|||||||\u00bb text_text_color=\u00bb#772f10&#8243; text_font_size=\u00bb23px\u00bb text_line_height=\u00bb1.8em\u00bb text_orientation=\u00bbcenter\u00bb global_colors_info=\u00bb{}\u00bb]<\/p>\n<p>Golden Cup explores how bras and going braless shape and alter the female body \u2014 how they enable or restrict movement and contribute to the construction of identity. On stage, the costume becomes both a space of action and a scenographic landscape. A dance event that critically examines ways of perceiving the female body.<\/p>\n<p>[\/et_pb_text][\/et_pb_column][\/et_pb_row][et_pb_row _builder_version=\u00bb4.23.4&#8243; _module_preset=\u00bbdefault\u00bb background_color=\u00bbrgba(147,86,1,0.37)\u00bb custom_margin=\u00bb25px||||false|false\u00bb global_colors_info=\u00bb{}\u00bb][et_pb_column type=\u00bb4_4&#8243; _builder_version=\u00bb4.23.4&#8243; _module_preset=\u00bbdefault\u00bb global_colors_info=\u00bb{}\u00bb][et_pb_text _builder_version=\u00bb4.23.4&#8243; _module_preset=\u00bbdefault\u00bb text_font=\u00bbAleo|700|||||||\u00bb text_text_color=\u00bb#000000&#8243; text_font_size=\u00bb28px\u00bb text_orientation=\u00bbcenter\u00bb global_colors_info=\u00bb{}\u00bb]<\/p>\n<p>Premiere 19.September.2024 \/ S\u00dcDUFER, E-WERK. Freiburg.<\/p>\n<p>[\/et_pb_text][\/et_pb_column][\/et_pb_row][et_pb_row _builder_version=\u00bb4.23.4&#8243; _module_preset=\u00bbdefault\u00bb global_colors_info=\u00bb{}\u00bb][et_pb_column type=\u00bb4_4&#8243; _builder_version=\u00bb4.23.4&#8243; _module_preset=\u00bbdefault\u00bb global_colors_info=\u00bb{}\u00bb][et_pb_text _builder_version=\u00bb4.23.4&#8243; _module_preset=\u00bbdefault\u00bb text_font=\u00bbAleo|700|||||||\u00bb text_text_color=\u00bb#000000&#8243; text_font_size=\u00bb23px\u00bb text_line_height=\u00bb1.8em\u00bb custom_margin=\u00bb32px||||false|false\u00bb global_colors_info=\u00bb{}\u00bb]<\/p>\n<p style=\"text-align: left;\">Press Review (Excerpt)<\/p>\n<p>[\/et_pb_text][et_pb_text _builder_version=\u00bb4.23.4&#8243; _module_preset=\u00bbdefault\u00bb text_font=\u00bbAleo||||||||\u00bb text_text_color=\u00bb#000000&#8243; text_font_size=\u00bb23px\u00bb text_line_height=\u00bb1.8em\u00bb global_colors_info=\u00bb{}\u00bb]<\/p>\n<p style=\"text-align: left;\">The artist draws choreographic links to the self-determination of the female body, to the visibility and invisibility of the female breast. In doing so, she connects her work to contemporary feminist debates and offers a critique of how all of us are shaped by the influence of a structural male gaze. She invites her audience on a (critical) journey through the female body.<\/p>\n<p>[\/et_pb_text][et_pb_text _builder_version=\u00bb4.23.4&#8243; _module_preset=\u00bbdefault\u00bb text_font=\u00bbAleo|700|||||||\u00bb text_text_color=\u00bb#000000&#8243; text_font_size=\u00bb23px\u00bb text_line_height=\u00bb1.8em\u00bb custom_margin=\u00bb32px||||false|false\u00bb global_colors_info=\u00bb{}\u00bb]<\/p>\n<p style=\"text-align: left;\">In\u00e9s T\u00f6nnissen, \u201cWelche Brust bekommen wir zu sehen?\u201d, Kultur Joker, October 2024, p. 7.<\/p>\n<p>[\/et_pb_text][et_pb_text _builder_version=\u00bb4.23.4&#8243; _module_preset=\u00bbdefault\u00bb text_font=\u00bbAleo|700|||||||\u00bb text_text_color=\u00bb#772f10&#8243; text_font_size=\u00bb23px\u00bb text_line_height=\u00bb1.8em\u00bb text_orientation=\u00bbcenter\u00bb global_colors_info=\u00bb{}\u00bb]<\/p>\n<p>A project realized in cooperation with the Feminist Center Freiburg and E-WERK Freiburg.<br \/>With the kind support of the City of Freiburg, Regierungspr\u00e4sidium Freiburg, LBBW Bank<br \/>and Triumph International.<\/p>\n<p>[\/et_pb_text][\/et_pb_column][\/et_pb_row][\/et_pb_section]<\/p>\n","protected":false},"excerpt":{"rendered":"<p>Choreographer in VOM SCHREI ZUR BEWEGUNG\u00a9Foto: Jennifer RohrbacherIn co-creation with dancers Felipe Gonz\u00e1lez, Lola Villegas and Rebecca Mary. Costume: BiankaHeck. Music: Francisco Goldschmidt. Video: Konrad Bohley. Dramaturgical Support: Sabine Noll.Technical Support: Adalberto Cuba Calder\u00f3n and Team E-WERK Freiburg. ProductionManagement: Linda Brodhag. Social Media: Arturo Mart\u00ednez.VOM SCHREI ZUR BEWEGUNG weaves together stories of Latin American dictatorshipsbringing [&hellip;]<\/p>\n","protected":false},"author":1,"featured_media":0,"parent":0,"menu_order":0,"comment_status":"closed","ping_status":"closed","template":"","meta":{"_et_pb_use_builder":"on","_et_pb_old_content":"","_et_gb_content_width":"","footnotes":""},"class_list":["post-121","page","type-page","status-publish","hentry"],"_links":{"self":[{"href":"https:\/\/andrealagosneumann.cl\/index.php?rest_route=\/wp\/v2\/pages\/121","targetHints":{"allow":["GET"]}}],"collection":[{"href":"https:\/\/andrealagosneumann.cl\/index.php?rest_route=\/wp\/v2\/pages"}],"about":[{"href":"https:\/\/andrealagosneumann.cl\/index.php?rest_route=\/wp\/v2\/types\/page"}],"author":[{"embeddable":true,"href":"https:\/\/andrealagosneumann.cl\/index.php?rest_route=\/wp\/v2\/users\/1"}],"replies":[{"embeddable":true,"href":"https:\/\/andrealagosneumann.cl\/index.php?rest_route=%2Fwp%2Fv2%2Fcomments&post=121"}],"version-history":[{"count":35,"href":"https:\/\/andrealagosneumann.cl\/index.php?rest_route=\/wp\/v2\/pages\/121\/revisions"}],"predecessor-version":[{"id":349,"href":"https:\/\/andrealagosneumann.cl\/index.php?rest_route=\/wp\/v2\/pages\/121\/revisions\/349"}],"wp:attachment":[{"href":"https:\/\/andrealagosneumann.cl\/index.php?rest_route=%2Fwp%2Fv2%2Fmedia&parent=121"}],"curies":[{"name":"wp","href":"https:\/\/api.w.org\/{rel}","templated":true}]}}