{"id":227,"date":"2024-05-26T15:53:01","date_gmt":"2024-05-26T15:53:01","guid":{"rendered":"https:\/\/andrealagosneumann.cl\/?page_id=227"},"modified":"2024-05-26T17:34:18","modified_gmt":"2024-05-26T17:34:18","slug":"pieces-collaborations","status":"publish","type":"page","link":"https:\/\/andrealagosneumann.cl\/?page_id=227","title":{"rendered":"Pieces &#038; Collaborations"},"content":{"rendered":"<p>[et_pb_section fb_built=\u00bb1&#8243; _builder_version=\u00bb4.23.4&#8243; _module_preset=\u00bbdefault\u00bb use_background_color_gradient=\u00bbon\u00bb background_color_gradient_direction=\u00bb90deg\u00bb background_color_gradient_stops=\u00bbrgba(109,109,109,0.38) 0%|rgba(255,255,255,0.42) 100%\u00bb custom_padding=\u00bb13px||5px|||\u00bb global_colors_info=\u00bb{}\u00bb][et_pb_row _builder_version=\u00bb4.23.4&#8243; _module_preset=\u00bbdefault\u00bb global_colors_info=\u00bb{}\u00bb][et_pb_column type=\u00bb4_4&#8243; _builder_version=\u00bb4.23.4&#8243; _module_preset=\u00bbdefault\u00bb global_colors_info=\u00bb{}\u00bb][et_pb_text _builder_version=\u00bb4.23.4&#8243; _module_preset=\u00bbdefault\u00bb text_font=\u00bbAleo||||||||\u00bb text_text_color=\u00bb#772f10&#8243; text_font_size=\u00bb23px\u00bb text_line_height=\u00bb1.8em\u00bb text_orientation=\u00bbjustified\u00bb custom_margin=\u00bb3px||0px||false|false\u00bb global_colors_info=\u00bb{}\u00bb]<\/p>\n<p><b>Concept &amp; Artistic Direction in<br \/><\/b><\/p>\n<p>[\/et_pb_text][et_pb_text _builder_version=\u00bb4.23.4&#8243; _module_preset=\u00bbdefault\u00bb text_font=\u00bbAleo||||||||\u00bb text_text_color=\u00bb#772f10&#8243; text_font_size=\u00bb75px\u00bb text_line_height=\u00bb1.8em\u00bb text_orientation=\u00bbjustified\u00bb custom_margin=\u00bb-3px||3px||false|false\u00bb custom_padding=\u00bb||0px|||\u00bb global_colors_info=\u00bb{}\u00bb]<\/p>\n<p><b>LYSISTRATA<\/b><\/p>\n<p>[\/et_pb_text][et_pb_text _builder_version=\u00bb4.23.4&#8243; _module_preset=\u00bbdefault\u00bb text_font=\u00bbAleo||||||||\u00bb text_text_color=\u00bb#772f10&#8243; text_font_size=\u00bb23px\u00bb text_line_height=\u00bb1.8em\u00bb text_orientation=\u00bbjustified\u00bb custom_margin=\u00bb-16px||0px||false|false\u00bb global_colors_info=\u00bb{}\u00bb]<\/p>\n<p><b>A performative proposal to change the approach to war-related conflicts<\/b><\/p>\n<p>[\/et_pb_text][\/et_pb_column][\/et_pb_row][\/et_pb_section][et_pb_section fb_built=\u00bb1&#8243; _builder_version=\u00bb4.23.4&#8243; _module_preset=\u00bbdefault\u00bb background_image=\u00bbhttps:\/\/andrealagosneumann.cl\/wp-content\/uploads\/2024\/05\/lys.jpg\u00bb custom_padding=\u00bb||494px|||\u00bb global_colors_info=\u00bb{}\u00bb][\/et_pb_section][et_pb_section fb_built=\u00bb1&#8243; _builder_version=\u00bb4.23.4&#8243; _module_preset=\u00bbdefault\u00bb use_background_color_gradient=\u00bbon\u00bb background_color_gradient_direction=\u00bb90deg\u00bb background_color_gradient_stops=\u00bbrgba(109,109,109,0.38) 0%|rgba(255,255,255,0.42) 100%\u00bb custom_padding=\u00bb13px|||||\u00bb global_colors_info=\u00bb{}\u00bb][et_pb_row _builder_version=\u00bb4.23.4&#8243; _module_preset=\u00bbdefault\u00bb global_colors_info=\u00bb{}\u00bb][et_pb_column type=\u00bb4_4&#8243; _builder_version=\u00bb4.23.4&#8243; _module_preset=\u00bbdefault\u00bb global_colors_info=\u00bb{}\u00bb][et_pb_text _builder_version=\u00bb4.23.4&#8243; _module_preset=\u00bbdefault\u00bb text_font=\u00bbAleo||||||||\u00bb text_text_color=\u00bb#000000&#8243; text_font_size=\u00bb23px\u00bb text_line_height=\u00bb1.8em\u00bb global_colors_info=\u00bb{}\u00bb]<\/p>\n<p style=\"text-align: left;\"><strong>Interdisciplinary performance with DANCE, THEATRE &amp; CHORAL MUSIC.<\/strong><br \/><strong>Presented in E-WERK and Haus37, Freiburg. JULY &#8211; NOVEMBER 2023<\/strong><\/p>\n<p>[\/et_pb_text][et_pb_text _builder_version=\u00bb4.23.4&#8243; _module_preset=\u00bbdefault\u00bb text_font=\u00bbAleo||||||||\u00bb text_text_color=\u00bb#000000&#8243; text_font_size=\u00bb23px\u00bb text_line_height=\u00bb1.8em\u00bb text_orientation=\u00bbjustified\u00bb global_colors_info=\u00bb{}\u00bb]<\/p>\n<p style=\"text-align: left;\">Dancers: Kaddi Dorner, Julia Jungbluth Rios, Sophia Dias, Nicola Merz, Martina Kitzelmann, Mariella Rivera Aguilar, Ella Immer, Tabo Grillo, Loreley Guerrero, Iman Wall, Dianela Arroyo Fern\u00e1ndez, Michelle Renjifo, Anna Gugel, Olga Schalle, Felina Niedermeyer, Muna Witt, Julia B\u00f6cker, Susanne Kohlert, Camila Morales, Lena Annecke, Maira Diaz, Sandra Knauber, Dominique Kroschel, Stina Vetter, Z\u00f3e Lequertier, Nina Frank, Elena Engel.<br \/>Music Composition &amp; Choir direction Fiona Combosch, Music Production Juan Pablo Orrego, Choreography Andrea Lagos &amp; Rebecca Mary Narum, Dramaturgie Sabine Noll, Mediation Dianela Arroyo.<\/p>\n<p>[\/et_pb_text][\/et_pb_column][\/et_pb_row][\/et_pb_section][et_pb_section fb_built=\u00bb1&#8243; _builder_version=\u00bb4.23.4&#8243; _module_preset=\u00bbdefault\u00bb background_image=\u00bbhttps:\/\/andrealagosneumann.cl\/wp-content\/uploads\/2024\/05\/dencer5.jpg\u00bb custom_padding=\u00bb||494px|||\u00bb global_colors_info=\u00bb{}\u00bb][et_pb_row _builder_version=\u00bb4.23.4&#8243; _module_preset=\u00bbdefault\u00bb global_colors_info=\u00bb{}\u00bb][et_pb_column type=\u00bb4_4&#8243; _builder_version=\u00bb4.23.4&#8243; _module_preset=\u00bbdefault\u00bb global_colors_info=\u00bb{}\u00bb][et_pb_text _builder_version=\u00bb4.23.4&#8243; _module_preset=\u00bbdefault\u00bb text_font=\u00bbAleo||||||||\u00bb text_text_color=\u00bb#FFFFFF\u00bb text_font_size=\u00bb27px\u00bb global_colors_info=\u00bb{}\u00bb]<\/p>\n<p>TRANSFORMATER presented in E-WERK \/ MARCH 2023<\/p>\n<p>[\/et_pb_text][\/et_pb_column][\/et_pb_row][et_pb_row column_structure=\u00bb1_2,1_2&#8243; _builder_version=\u00bb4.23.4&#8243; _module_preset=\u00bbdefault\u00bb global_colors_info=\u00bb{}\u00bb][et_pb_column type=\u00bb1_2&#8243; _builder_version=\u00bb4.23.4&#8243; _module_preset=\u00bbdefault\u00bb global_colors_info=\u00bb{}\u00bb][et_pb_text _builder_version=\u00bb4.23.4&#8243; _module_preset=\u00bbdefault\u00bb text_font=\u00bbAleo||||||||\u00bb text_text_color=\u00bb#FFFFFF\u00bb text_font_size=\u00bb27px\u00bb text_line_height=\u00bb1.8em\u00bb global_colors_info=\u00bb{}\u00bb]<\/p>\n<p>CHOREOGRAPHER<br \/>Irene Carre\u00f1o<\/p>\n<p>[\/et_pb_text][\/et_pb_column][et_pb_column type=\u00bb1_2&#8243; _builder_version=\u00bb4.23.4&#8243; _module_preset=\u00bbdefault\u00bb global_colors_info=\u00bb{}\u00bb][et_pb_text _builder_version=\u00bb4.23.4&#8243; _module_preset=\u00bbdefault\u00bb text_font=\u00bbAleo||||||||\u00bb text_text_color=\u00bb#FFFFFF\u00bb text_font_size=\u00bb27px\u00bb text_line_height=\u00bb1.8em\u00bb global_colors_info=\u00bb{}\u00bb]<\/p>\n<p>DANCERS <br \/>Rebecca Mary Narum <br \/>Andrea Lagos Neumann<\/p>\n<p>[\/et_pb_text][\/et_pb_column][\/et_pb_row][\/et_pb_section][et_pb_section fb_built=\u00bb1&#8243; _builder_version=\u00bb4.23.4&#8243; _module_preset=\u00bbdefault\u00bb use_background_color_gradient=\u00bbon\u00bb background_color_gradient_direction=\u00bb90deg\u00bb background_color_gradient_stops=\u00bbrgba(109,109,109,0.38) 0%|rgba(255,255,255,0.42) 100%\u00bb custom_padding=\u00bb13px||33px|||\u00bb global_colors_info=\u00bb{}\u00bb][et_pb_row _builder_version=\u00bb4.23.4&#8243; _module_preset=\u00bbdefault\u00bb global_colors_info=\u00bb{}\u00bb][et_pb_column type=\u00bb4_4&#8243; _builder_version=\u00bb4.23.4&#8243; _module_preset=\u00bbdefault\u00bb global_colors_info=\u00bb{}\u00bb][et_pb_text _builder_version=\u00bb4.23.4&#8243; _module_preset=\u00bbdefault\u00bb text_font=\u00bbAleo|700|||||||\u00bb text_text_color=\u00bb#772f10&#8243; text_font_size=\u00bb28px\u00bb text_line_height=\u00bb1.8em\u00bb global_colors_info=\u00bb{}\u00bb]<\/p>\n<p style=\"text-align: left;\">IN UNS BEWEGT Choreographer Rebecca Mary Narum Presented at Heilige Famile Church \/ 11.2021 &amp; 05.2022<\/p>\n<p>[\/et_pb_text][\/et_pb_column][\/et_pb_row][\/et_pb_section][et_pb_section fb_built=\u00bb1&#8243; _builder_version=\u00bb4.23.4&#8243; _module_preset=\u00bbdefault\u00bb background_image=\u00bbhttps:\/\/andrealagosneumann.cl\/wp-content\/uploads\/2024\/05\/dencer51.jpg\u00bb custom_padding=\u00bb||219px|||\u00bb global_colors_info=\u00bb{}\u00bb][\/et_pb_section][et_pb_section fb_built=\u00bb1&#8243; _builder_version=\u00bb4.23.4&#8243; _module_preset=\u00bbdefault\u00bb use_background_color_gradient=\u00bbon\u00bb background_color_gradient_direction=\u00bb90deg\u00bb background_color_gradient_stops=\u00bbrgba(109,109,109,0.38) 0%|rgba(255,255,255,0.42) 100%\u00bb custom_padding=\u00bb13px||33px|||\u00bb global_colors_info=\u00bb{}\u00bb][et_pb_row _builder_version=\u00bb4.23.4&#8243; _module_preset=\u00bbdefault\u00bb global_colors_info=\u00bb{}\u00bb][et_pb_column type=\u00bb4_4&#8243; _builder_version=\u00bb4.23.4&#8243; _module_preset=\u00bbdefault\u00bb global_colors_info=\u00bb{}\u00bb][et_pb_text _builder_version=\u00bb4.23.4&#8243; _module_preset=\u00bbdefault\u00bb text_font=\u00bbAleo|700|||||||\u00bb text_text_color=\u00bb#000000&#8243; text_font_size=\u00bb28px\u00bb text_line_height=\u00bb1.8em\u00bb global_colors_info=\u00bb{}\u00bb]<\/p>\n<p style=\"text-align: left;\">DANCERS: ANDREA LAGOS, DAGMAR OTMANN, IRENE CARRE\u00d1O, KAI BR\u00dcGGE, VERA STIERLI.<\/p>\n<p>[\/et_pb_text][et_pb_text _builder_version=\u00bb4.23.4&#8243; _module_preset=\u00bbdefault\u00bb text_font=\u00bbAleo||||||||\u00bb text_text_color=\u00bb#000000&#8243; text_font_size=\u00bb28px\u00bb text_line_height=\u00bb1.8em\u00bb global_colors_info=\u00bb{}\u00bb]<\/p>\n<p style=\"text-align: left;\">Together with Irene Carre\u00f1o and Rebecca Mary, I am a co-founder of Quizzical K\u00f6rper. In our pieces, we integrate cultural anthropology, theater, and various forms of dance to explore our own autobiographies, experiences, questions, observations.<\/p>\n<p>[\/et_pb_text][\/et_pb_column][\/et_pb_row][\/et_pb_section][et_pb_section fb_built=\u00bb1&#8243; _builder_version=\u00bb4.23.4&#8243; _module_preset=\u00bbdefault\u00bb custom_padding=\u00bb0px||8px|||\u00bb global_colors_info=\u00bb{}\u00bb][et_pb_row column_structure=\u00bb2_5,3_5&#8243; _builder_version=\u00bb4.23.4&#8243; _module_preset=\u00bbdefault\u00bb background_image=\u00bbhttps:\/\/andrealagosneumann.cl\/wp-content\/uploads\/2024\/05\/FOTOS-GRIS-2.jpg\u00bb custom_padding=\u00bb||496px|||\u00bb global_colors_info=\u00bb{}\u00bb][et_pb_column type=\u00bb2_5&#8243; _builder_version=\u00bb4.23.4&#8243; _module_preset=\u00bbdefault\u00bb global_colors_info=\u00bb{}\u00bb][et_pb_text _builder_version=\u00bb4.23.4&#8243; _module_preset=\u00bbdefault\u00bb text_font=\u00bbAleo||||||||\u00bb text_font_size=\u00bb34px\u00bb custom_margin=\u00bb27px|||||\u00bb global_colors_info=\u00bb{}\u00bb]<\/p>\n<p>DANCER in<\/p>\n<p>[\/et_pb_text][et_pb_text _builder_version=\u00bb4.23.4&#8243; _module_preset=\u00bbdefault\u00bb text_font=\u00bbAleo|700|||||||\u00bb text_font_size=\u00bb52px\u00bb text_line_height=\u00bb1.8em\u00bb custom_margin=\u00bb27px|||||\u00bb global_colors_info=\u00bb{}\u00bb]<\/p>\n<p>To Ay\u00fcwn &amp; Ay\u00fcn<\/p>\n<p>[\/et_pb_text][et_pb_text _builder_version=\u00bb4.23.4&#8243; _module_preset=\u00bbdefault\u00bb text_font=\u00bbAleo|700|||||||\u00bb text_font_size=\u00bb28px\u00bb text_line_height=\u00bb1.8em\u00bb custom_margin=\u00bb27px|||||\u00bb global_colors_info=\u00bb{}\u00bb]<\/p>\n<p>Concept &amp; Dramaturgy Josefina Baez<br \/>Music <br \/>Susurro Sonora<br \/>Space Design <br \/>Mayra Paulino<br \/>Video<br \/>Mauschger Altmann<\/p>\n<p>[\/et_pb_text][et_pb_text _builder_version=\u00bb4.23.4&#8243; _module_preset=\u00bbdefault\u00bb text_font=\u00bbAleo|700|||||||\u00bb text_font_size=\u00bb28px\u00bb text_line_height=\u00bb1.8em\u00bb custom_margin=\u00bb27px|||||\u00bb global_colors_info=\u00bb{}\u00bb]<\/p>\n<p>A danced testament part of the series Testaments. Testimonies. Today.<\/p>\n<p>[\/et_pb_text][et_pb_text _builder_version=\u00bb4.23.4&#8243; _module_preset=\u00bbdefault\u00bb text_font=\u00bbAleo|700|||||||\u00bb text_font_size=\u00bb19px\u00bb text_line_height=\u00bb1.8em\u00bb custom_margin=\u00bb27px|||||\u00bb global_colors_info=\u00bb{}\u00bb]<\/p>\n<p><a href=\"https:\/\/www.josefinabaez.com\/testaments-testimonies-time\">https:\/\/www.josefinabaez.com\/testaments-testimonies-time<\/a><\/p>\n<p>[\/et_pb_text][et_pb_text _builder_version=\u00bb4.23.4&#8243; _module_preset=\u00bbdefault\u00bb text_font=\u00bbAleo|700|||||||\u00bb text_font_size=\u00bb28px\u00bb text_line_height=\u00bb1.8em\u00bb custom_margin=\u00bb27px|||||\u00bb global_colors_info=\u00bb{}\u00bb]<\/p>\n<p>Presented at Studio from bewegungs-art in E-WERK \/ MARCH 2022<\/p>\n<p>[\/et_pb_text][\/et_pb_column][et_pb_column type=\u00bb3_5&#8243; _builder_version=\u00bb4.23.4&#8243; _module_preset=\u00bbdefault\u00bb global_colors_info=\u00bb{}\u00bb][\/et_pb_column][\/et_pb_row][\/et_pb_section][et_pb_section fb_built=\u00bb1&#8243; _builder_version=\u00bb4.23.4&#8243; _module_preset=\u00bbdefault\u00bb use_background_color_gradient=\u00bbon\u00bb background_color_gradient_direction=\u00bb90deg\u00bb background_color_gradient_stops=\u00bbrgba(109,109,109,0.38) 0%|rgba(255,255,255,0.42) 100%\u00bb custom_margin=\u00bb-16px|||||\u00bb custom_padding=\u00bb13px||5px|||\u00bb global_colors_info=\u00bb{}\u00bb][et_pb_row _builder_version=\u00bb4.23.4&#8243; _module_preset=\u00bbdefault\u00bb global_colors_info=\u00bb{}\u00bb][et_pb_column type=\u00bb4_4&#8243; _builder_version=\u00bb4.23.4&#8243; _module_preset=\u00bbdefault\u00bb global_colors_info=\u00bb{}\u00bb][et_pb_text _builder_version=\u00bb4.23.4&#8243; _module_preset=\u00bbdefault\u00bb text_font=\u00bbAleo||||||||\u00bb text_text_color=\u00bb#ed711e\u00bb text_font_size=\u00bb23px\u00bb text_line_height=\u00bb1.8em\u00bb text_orientation=\u00bbjustified\u00bb custom_margin=\u00bb3px||0px||false|false\u00bb global_colors_info=\u00bb{}\u00bb]<\/p>\n<p><b>Ay Ombe Theatre \/ Performance Autoloy<\/b><\/p>\n<p>[\/et_pb_text][et_pb_text _builder_version=\u00bb4.23.4&#8243; _module_preset=\u00bbdefault\u00bb text_font=\u00bbAleo||||||||\u00bb text_text_color=\u00bb#772f10&#8243; text_font_size=\u00bb23px\u00bb text_line_height=\u00bb1.8em\u00bb text_orientation=\u00bbjustified\u00bb custom_margin=\u00bb25px||0px||false|false\u00bb global_colors_info=\u00bb{}\u00bb]<\/p>\n<p>Since 2004 I have studied Performance Autology with Josefina Baez and collaborated in projects from Ay Ombe Theatre.https:\/\/www.josefinabaez.com\/autology<\/p>\n<p>[\/et_pb_text][\/et_pb_column][\/et_pb_row][\/et_pb_section][et_pb_section fb_built=\u00bb1&#8243; _builder_version=\u00bb4.23.4&#8243; _module_preset=\u00bbdefault\u00bb use_background_color_gradient=\u00bbon\u00bb background_color_gradient_direction=\u00bb90deg\u00bb background_color_gradient_stops=\u00bbrgba(109,109,109,0.38) 0%|rgba(255,255,255,0.42) 100%\u00bb custom_margin=\u00bb-16px|||||\u00bb custom_padding=\u00bb13px||5px|||\u00bb global_colors_info=\u00bb{}\u00bb][et_pb_row _builder_version=\u00bb4.23.4&#8243; _module_preset=\u00bbdefault\u00bb background_image=\u00bbhttps:\/\/andrealagosneumann.cl\/wp-content\/uploads\/2024\/05\/ANDREA1.jpg\u00bb custom_padding=\u00bb||472px|||\u00bb global_colors_info=\u00bb{}\u00bb][et_pb_column type=\u00bb4_4&#8243; _builder_version=\u00bb4.23.4&#8243; _module_preset=\u00bbdefault\u00bb global_colors_info=\u00bb{}\u00bb][et_pb_text _builder_version=\u00bb4.23.4&#8243; _module_preset=\u00bbdefault\u00bb text_font=\u00bbAleo||||||||\u00bb text_text_color=\u00bb#ed711e\u00bb text_font_size=\u00bb48px\u00bb text_line_height=\u00bb1.8em\u00bb text_orientation=\u00bbjustified\u00bb custom_margin=\u00bb3px||0px|79px|false|false\u00bb global_colors_info=\u00bb{}\u00bb]<\/p>\n<p>Un Beso es<\/p>\n<p>[\/et_pb_text][et_pb_text _builder_version=\u00bb4.23.4&#8243; _module_preset=\u00bbdefault\u00bb text_font=\u00bbAleo||||||||\u00bb text_text_color=\u00bb#ed711e\u00bb text_font_size=\u00bb48px\u00bb text_line_height=\u00bb1.8em\u00bb text_orientation=\u00bbcenter\u00bb custom_margin=\u00bb3px||0px|79px|false|false\u00bb global_colors_info=\u00bb{}\u00bb]<\/p>\n<p>Un Beso es<\/p>\n<p>[\/et_pb_text][et_pb_text _builder_version=\u00bb4.23.4&#8243; _module_preset=\u00bbdefault\u00bb text_font=\u00bbAleo||||||||\u00bb text_text_color=\u00bb#ed711e\u00bb text_font_size=\u00bb48px\u00bb text_line_height=\u00bb1.8em\u00bb text_orientation=\u00bbcenter\u00bb custom_margin=\u00bb3px||0px|79px|false|false\u00bb hover_enabled=\u00bb0&#8243; global_colors_info=\u00bb{}\u00bb sticky_enabled=\u00bb0&#8243; custom_padding=\u00bb|41px||||\u00bb]<\/p>\n<p style=\"text-align: right;\">Un Beso es<\/p>\n<p>[\/et_pb_text][\/et_pb_column][\/et_pb_row][et_pb_row column_structure=\u00bb1_3,1_3,1_3&#8243; _builder_version=\u00bb4.23.4&#8243; _module_preset=\u00bbdefault\u00bb global_colors_info=\u00bb{}\u00bb custom_padding=\u00bb1px|||||\u00bb][et_pb_column type=\u00bb1_3&#8243; _builder_version=\u00bb4.23.4&#8243; _module_preset=\u00bbdefault\u00bb background_enable_image=\u00bboff\u00bb global_colors_info=\u00bb{}\u00bb][et_pb_image src=\u00bbhttps:\/\/andrealagosneumann.cl\/wp-content\/uploads\/2024\/05\/ANDREA12.jpg\u00bb title_text=\u00bbANDREA12&#8243; force_fullwidth=\u00bbon\u00bb _builder_version=\u00bb4.23.4&#8243; _module_preset=\u00bbdefault\u00bb global_colors_info=\u00bb{}\u00bb][\/et_pb_image][\/et_pb_column][et_pb_column type=\u00bb1_3&#8243; _builder_version=\u00bb4.23.4&#8243; _module_preset=\u00bbdefault\u00bb global_colors_info=\u00bb{}\u00bb][et_pb_text _builder_version=\u00bb4.23.4&#8243; _module_preset=\u00bbdefault\u00bb text_font=\u00bbAleo|700|||||||\u00bb text_text_color=\u00bb#ed711e\u00bb text_font_size=\u00bb23px\u00bb text_line_height=\u00bb1.8em\u00bb text_orientation=\u00bbjustified\u00bb custom_margin=\u00bb3px||0px||false|false\u00bb global_colors_info=\u00bb{}\u00bb]<\/p>\n<p>Written &amp; directed by<br \/>Josefina Baez<\/p>\n<p>Actress<br \/>Andrea Lagos<br \/>Music<br \/>Juan Pablo Gaete<\/p>\n<p>[\/et_pb_text][\/et_pb_column][et_pb_column type=\u00bb1_3&#8243; _builder_version=\u00bb4.23.4&#8243; _module_preset=\u00bbdefault\u00bb global_colors_info=\u00bb{}\u00bb][et_pb_text _builder_version=\u00bb4.23.4&#8243; _module_preset=\u00bbdefault\u00bb text_font=\u00bbAleo|700|||||||\u00bb text_text_color=\u00bb#ed711e\u00bb text_font_size=\u00bb23px\u00bb text_line_height=\u00bb1.8em\u00bb text_orientation=\u00bbjustified\u00bb custom_margin=\u00bb3px||0px||false|false\u00bb custom_padding=\u00bb|41px||||\u00bb global_colors_info=\u00bb{}\u00bb]<\/p>\n<p>Presented at festivals in Latin America. Milan, Italy and Bangalore, India.<br \/>2008 &#8211; 2012<\/p>\n<p>[\/et_pb_text][\/et_pb_column][\/et_pb_row][\/et_pb_section][et_pb_section fb_built=\u00bb1&#8243; _builder_version=\u00bb4.23.4&#8243; _module_preset=\u00bbdefault\u00bb use_background_color_gradient=\u00bbon\u00bb background_color_gradient_direction=\u00bb90deg\u00bb background_color_gradient_stops=\u00bbrgba(109,109,109,0.38) 0%|rgba(255,255,255,0.42) 100%\u00bb custom_margin=\u00bb-16px|||||\u00bb custom_padding=\u00bb13px||5px|||\u00bb global_colors_info=\u00bb{}\u00bb][et_pb_row _builder_version=\u00bb4.23.4&#8243; _module_preset=\u00bbdefault\u00bb global_colors_info=\u00bb{}\u00bb][et_pb_column type=\u00bb4_4&#8243; _builder_version=\u00bb4.23.4&#8243; _module_preset=\u00bbdefault\u00bb global_colors_info=\u00bb{}\u00bb][et_pb_text _builder_version=\u00bb4.23.4&#8243; _module_preset=\u00bbdefault\u00bb text_font=\u00bbAleo|700|||||||\u00bb text_text_color=\u00bb#ed711e\u00bb text_font_size=\u00bb49px\u00bb text_line_height=\u00bb1.8em\u00bb text_orientation=\u00bbjustified\u00bb custom_margin=\u00bb3px||0px||false|false\u00bb hover_enabled=\u00bb0&#8243; global_colors_info=\u00bb{}\u00bb sticky_enabled=\u00bb0&#8243;]<\/p>\n<p>Choreographer &amp; dancer in<\/p>\n<p>[\/et_pb_text][\/et_pb_column][\/et_pb_row][\/et_pb_section][et_pb_section fb_built=\u00bb1&#8243; _builder_version=\u00bb4.23.4&#8243; _module_preset=\u00bbdefault\u00bb use_background_color_gradient=\u00bbon\u00bb background_color_gradient_direction=\u00bb90deg\u00bb background_color_gradient_stops=\u00bbrgba(109,109,109,0.38) 0%|rgba(255,255,255,0.42) 100%\u00bb custom_margin=\u00bb-16px|||||\u00bb custom_padding=\u00bb13px||5px|||\u00bb global_colors_info=\u00bb{}\u00bb][et_pb_row _builder_version=\u00bb4.23.4&#8243; _module_preset=\u00bbdefault\u00bb background_image=\u00bbhttps:\/\/andrealagosneumann.cl\/wp-content\/uploads\/2024\/05\/reja.jpg\u00bb custom_padding=\u00bb||472px|||\u00bb global_colors_info=\u00bb{}\u00bb][et_pb_column type=\u00bb4_4&#8243; _builder_version=\u00bb4.23.4&#8243; _module_preset=\u00bbdefault\u00bb global_colors_info=\u00bb{}\u00bb][\/et_pb_column][\/et_pb_row][\/et_pb_section][et_pb_section fb_built=\u00bb1&#8243; _builder_version=\u00bb4.23.4&#8243; _module_preset=\u00bbdefault\u00bb use_background_color_gradient=\u00bbon\u00bb background_color_gradient_direction=\u00bb90deg\u00bb background_color_gradient_stops=\u00bbrgba(109,109,109,0.38) 0%|rgba(255,255,255,0.42) 100%\u00bb custom_margin=\u00bb-16px|||||\u00bb custom_padding=\u00bb13px||5px|||\u00bb global_colors_info=\u00bb{}\u00bb][et_pb_row _builder_version=\u00bb4.23.4&#8243; _module_preset=\u00bbdefault\u00bb global_colors_info=\u00bb{}\u00bb][et_pb_column type=\u00bb4_4&#8243; _builder_version=\u00bb4.23.4&#8243; _module_preset=\u00bbdefault\u00bb global_colors_info=\u00bb{}\u00bb][et_pb_text _builder_version=\u00bb4.23.4&#8243; _module_preset=\u00bbdefault\u00bb text_font=\u00bbAleo||||||||\u00bb text_text_color=\u00bb#772f10&#8243; text_font_size=\u00bb75px\u00bb text_line_height=\u00bb1.8em\u00bb text_orientation=\u00bbjustified\u00bb custom_margin=\u00bb-3px||3px||false|false\u00bb custom_padding=\u00bb||0px|||\u00bb global_colors_info=\u00bb{}\u00bb]<\/p>\n<p><b>PASCUALAS<\/b><\/p>\n<p>[\/et_pb_text][et_pb_text _builder_version=\u00bb4.23.4&#8243; _module_preset=\u00bbdefault\u00bb text_font=\u00bbAleo|700|||||||\u00bb text_font_size=\u00bb20px\u00bb global_colors_info=\u00bb{}\u00bb]<\/p>\n<p>Site-Specific presented at Museo de la Memoria y los Derechos Humanos (Museum of Memory &amp; Human Rights), Chile, as part of MESTIZA CHILE, Women\u00b4s Festival, produced by DOMO Theater. September, 2018.<\/p>\n<p>[\/et_pb_text][et_pb_text _builder_version=\u00bb4.23.4&#8243; _module_preset=\u00bbdefault\u00bb text_font=\u00bbAleo||||||||\u00bb text_text_color=\u00bb#772f10&#8243; text_font_size=\u00bb32px\u00bb text_line_height=\u00bb1.8em\u00bb text_orientation=\u00bbjustified\u00bb custom_margin=\u00bb-3px||3px||false|false\u00bb custom_padding=\u00bb||0px|||\u00bb global_colors_info=\u00bb{}\u00bb]<\/p>\n<p>DOMO Theater https:\/\/domoteatro.wordpress.com<\/p>\n<p>[\/et_pb_text][et_pb_text _builder_version=\u00bb4.23.4&#8243; _module_preset=\u00bbdefault\u00bb text_font=\u00bbAleo|700|||||||\u00bb text_font_size=\u00bb20px\u00bb global_colors_info=\u00bb{}\u00bb]<\/p>\n<p>Since 2008 I am a member of Domo Theater, a company based in Santiago, Chile. I have collaborated with this group in several projects, as a performer, director and producer.<\/p>\n<p>[\/et_pb_text][\/et_pb_column][\/et_pb_row][\/et_pb_section]<\/p>\n","protected":false},"excerpt":{"rendered":"<p>Concept &amp; Artistic Direction inLYSISTRATAA performative proposal to change the approach to war-related conflictsInterdisciplinary performance with DANCE, THEATRE &amp; CHORAL MUSIC.Presented in E-WERK and Haus37, Freiburg. JULY &#8211; NOVEMBER 2023Dancers: Kaddi Dorner, Julia Jungbluth Rios, Sophia Dias, Nicola Merz, Martina Kitzelmann, Mariella Rivera Aguilar, Ella Immer, Tabo Grillo, Loreley Guerrero, Iman Wall, Dianela Arroyo Fern\u00e1ndez, [&hellip;]<\/p>\n","protected":false},"author":1,"featured_media":0,"parent":0,"menu_order":0,"comment_status":"closed","ping_status":"closed","template":"","meta":{"_et_pb_use_builder":"on","_et_pb_old_content":"","_et_gb_content_width":"","footnotes":""},"class_list":["post-227","page","type-page","status-publish","hentry"],"_links":{"self":[{"href":"https:\/\/andrealagosneumann.cl\/index.php?rest_route=\/wp\/v2\/pages\/227","targetHints":{"allow":["GET"]}}],"collection":[{"href":"https:\/\/andrealagosneumann.cl\/index.php?rest_route=\/wp\/v2\/pages"}],"about":[{"href":"https:\/\/andrealagosneumann.cl\/index.php?rest_route=\/wp\/v2\/types\/page"}],"author":[{"embeddable":true,"href":"https:\/\/andrealagosneumann.cl\/index.php?rest_route=\/wp\/v2\/users\/1"}],"replies":[{"embeddable":true,"href":"https:\/\/andrealagosneumann.cl\/index.php?rest_route=%2Fwp%2Fv2%2Fcomments&post=227"}],"version-history":[{"count":24,"href":"https:\/\/andrealagosneumann.cl\/index.php?rest_route=\/wp\/v2\/pages\/227\/revisions"}],"predecessor-version":[{"id":298,"href":"https:\/\/andrealagosneumann.cl\/index.php?rest_route=\/wp\/v2\/pages\/227\/revisions\/298"}],"wp:attachment":[{"href":"https:\/\/andrealagosneumann.cl\/index.php?rest_route=%2Fwp%2Fv2%2Fmedia&parent=227"}],"curies":[{"name":"wp","href":"https:\/\/api.w.org\/{rel}","templated":true}]}}